{"id":6137,"date":"2019-11-20T12:33:44","date_gmt":"2019-11-20T12:33:44","guid":{"rendered":"http:\/\/consulting.stylemixthemes.com\/demo\/?page_id=6137"},"modified":"2024-07-12T07:21:37","modified_gmt":"2024-07-12T07:21:37","slug":"service-layout-5","status":"publish","type":"page","link":"https:\/\/www.innocomla.com\/?page_id=6137","title":{"rendered":"Soluciones"},"content":{"rendered":"<div class=\"wpb-content-wrapper\"><p>[vc_row][vc_column][stm_services posts_per_page=&#8221;12&#8243; posts_per_row=&#8221;3&#8243; img_size=&#8221;360&#215;180&#8243; style=&#8221;style_6&#8243; service_more=&#8221;yes&#8221; css=&#8221;.vc_custom_1720768889794{margin-top: 112px !important;}&#8221;][\/vc_column][\/vc_row][vc_row full_width=&#8221;stretch_row&#8221; css=&#8221;.vc_custom_1621904580175{background-color: #1b3f7c !important;}&#8221;][vc_column][stm_spacing lg_spacing=&#8221;100&#8243; md_spacing=&#8221;80&#8243; sm_spacing=&#8221;70&#8243; xs_spacing=&#8221;60&#8243;][vc_custom_heading text=&#8221;\u00bfPor qu\u00e9 elegirnos?&#8221; font_container=&#8221;tag:h3|font_size:36px|text_align:center|color:%23ffffff|line_height:36px&#8221; google_fonts=&#8221;font_family:Source%20Sans%20Pro%3A200%2C200italic%2C300%2C300italic%2Cregular%2Citalic%2C600%2C600italic%2C700%2C700italic%2C900%2C900italic|font_style:700%20bold%20regular%3A700%3Anormal&#8221;][stm_spacing lg_spacing=&#8221;20&#8243; md_spacing=&#8221;15&#8243; sm_spacing=&#8221;10&#8243; xs_spacing=&#8221;10&#8243;][vc_row_inner][vc_column_inner width=&#8221;1\/4&#8243;][stm_icon_box title_color=&#8221;custom&#8221; icon=&#8221;stm-suitcase-2&#8243; style=&#8221;icon_left&#8221; icon_size=&#8221;21&#8243; icon_color=&#8221;base&#8221; icon_bg_color=&#8221;third_bg&#8221; icon_width=&#8221;70&#8243; title=&#8221;Experiencia&#8221; title_color_custom=&#8221;#ffffff&#8221;]<\/p>\n<p style=\"color: white;\">M\u00e1s de 11 a\u00f1os en el rubro integrando las mejores soluciones tecnol\u00f3gicas a nivel regional.<\/p>\n<p>[\/stm_icon_box][\/vc_column_inner][vc_column_inner width=&#8221;1\/4&#8243;][stm_icon_box title_color=&#8221;custom&#8221; icon=&#8221;far fa-lightbulb&#8221; style=&#8221;icon_left&#8221; icon_size=&#8221;21&#8243; icon_color=&#8221;base&#8221; icon_bg_color=&#8221;third_bg&#8221; icon_width=&#8221;70&#8243; title=&#8221;Asesor\u00eda&#8221; title_color_custom=&#8221;#ffffff&#8221;]<\/p>\n<p style=\"color: white;\">Nuestras representantes te acompa\u00f1aran paso a paso, para buscar las mejores opciones, soluciones y herramientas en cada uno de tus proyectos.<\/p>\n<p>[\/stm_icon_box][\/vc_column_inner][vc_column_inner width=&#8221;1\/4&#8243;][stm_icon_box title_color=&#8221;custom&#8221; icon=&#8221;fas fa-user-check&#8221; style=&#8221;icon_left&#8221; icon_size=&#8221;21&#8243; icon_color=&#8221;base&#8221; icon_bg_color=&#8221;third_bg&#8221; icon_width=&#8221;70&#8243; title=&#8221;Personal&#8221; title_color_custom=&#8221;#ffffff&#8221;]<\/p>\n<p style=\"color: white;\">Un equipo de especialistas 100% certificados y en constante actualizaci\u00f3n con las avances que demanda el ritmo de la tecnolog\u00eda.<\/p>\n<p>[\/stm_icon_box][\/vc_column_inner][vc_column_inner width=&#8221;1\/4&#8243;][stm_icon_box title_color=&#8221;custom&#8221; icon=&#8221;stm-nokia_outline&#8221; style=&#8221;icon_left&#8221; icon_size=&#8221;21&#8243; icon_color=&#8221;base&#8221; icon_bg_color=&#8221;third_bg&#8221; icon_width=&#8221;70&#8243; title=&#8221;Aliados&#8221; title_color_custom=&#8221;#ffffff&#8221;]<\/p>\n<p style=\"color: white;\">Contamos con la representaci\u00f3n y certificaci\u00f3n de las mejores marcar a nivel mundial, cumpliendo los m\u00e1s alto est\u00e1ndares de calidad internacional.<\/p>\n<p>[\/stm_icon_box][\/vc_column_inner][\/vc_row_inner][stm_spacing lg_spacing=&#8221;60&#8243; md_spacing=&#8221;40&#8243; sm_spacing=&#8221;30&#8243; xs_spacing=&#8221;30&#8243;][\/vc_column][\/vc_row][vc_row full_width=&#8221;stretch_row&#8221; parallax=&#8221;content-moving&#8221; css=&#8221;.vc_custom_1621377210579{margin-bottom: -60px !important;background-image: url(https:\/\/www.innocomla.com\/wp-content\/uploads\/2021\/04\/Fotolia_95381323_Subscription-1.jpeg?id=7087) !important;}&#8221;][vc_column width=&#8221;1\/3&#8243; css=&#8221;.vc_custom_1621297490056{padding-top: 50px !important;padding-right: 20px !important;padding-bottom: 50px !important;padding-left: 20px !important;}&#8221;][stm_contacts_widget class=&#8221;overlay_3&#8243; title=&#8221;Oficinas Centrales&#8221; address=&#8221;Av. La Capilla casa 403, San Salvador&#8221; phone=&#8221;+503 2121-3650&#8243; email=&#8221;info@innocomla.com&#8221; facebook=&#8221;https:\/\/www.facebook.com\/innocomCentroAmerica&#8221; twitter=&#8221;https:\/\/twitter.com\/innocomla?s=20&#8243; css=&#8221;.vc_custom_1720741514405{padding-top: 46px !important;padding-right: 50px !important;padding-bottom: 46px !important;padding-left: 50px !important;}&#8221;][\/vc_column][vc_column width=&#8221;2\/3&#8243; css=&#8221;.vc_custom_1621297550136{padding-top: 50px !important;}&#8221;][vc_custom_heading stm_title_font_weight=&#8221;700&#8243; text=&#8221;Obt\u00e9n Asesor\u00eda Para Tu Pr\u00f3ximo Proyecto.&#8221; font_container=&#8221;tag:h3|text_align:left|color:%23ffffff&#8221; google_fonts=&#8221;font_family:Montserrat%3Aregular%2C700|font_style:400%20regular%3A400%3Anormal&#8221;]\n<div class=\"wpcf7 no-js\" id=\"wpcf7-f1284-o1\" lang=\"en-US\" dir=\"ltr\">\n<div class=\"screen-reader-response\"><p role=\"status\" aria-live=\"polite\" aria-atomic=\"true\"><\/p> <ul><\/ul><\/div>\n<form action=\"\/index.php?rest_route=%2Fwp%2Fv2%2Fpages%2F6137#wpcf7-f1284-o1\" method=\"post\" class=\"wpcf7-form init\" aria-label=\"Contact form\" novalidate=\"novalidate\" data-status=\"init\">\n<div style=\"display: none;\">\n<input type=\"hidden\" name=\"_wpcf7\" value=\"1284\" \/>\n<input type=\"hidden\" name=\"_wpcf7_version\" value=\"5.9.6\" \/>\n<input type=\"hidden\" name=\"_wpcf7_locale\" value=\"en_US\" \/>\n<input type=\"hidden\" name=\"_wpcf7_unit_tag\" value=\"wpcf7-f1284-o1\" \/>\n<input type=\"hidden\" name=\"_wpcf7_container_post\" value=\"0\" \/>\n<input type=\"hidden\" name=\"_wpcf7_posted_data_hash\" value=\"\" \/>\n<\/div>\n<div class=\"request_callback\">\n<input class=\"wpcf7-form-control wpcf7-hidden\" value=\"\" type=\"hidden\" name=\"utm_campaign\" \/>\n<input class=\"wpcf7-form-control wpcf7-hidden\" value=\"\" type=\"hidden\" name=\"utm_source\" \/>\n<input class=\"wpcf7-form-control wpcf7-hidden\" value=\"\" type=\"hidden\" name=\"utm_term\" \/>\n<input class=\"wpcf7-form-control wpcf7-hidden\" value=\"\" type=\"hidden\" name=\"utm_medium\" \/>\n<input class=\"wpcf7-form-control wpcf7-hidden\" value=\"\" type=\"hidden\" name=\"utm_content\" \/>\n<input class=\"wpcf7-form-control wpcf7-hidden\" value=\"\" type=\"hidden\" name=\"handl_original_ref\" \/>\n<input class=\"wpcf7-form-control wpcf7-hidden\" value=\"\" type=\"hidden\" name=\"handl_landing_page\" \/>\n<input class=\"wpcf7-form-control wpcf7-hidden\" value=\"\" type=\"hidden\" name=\"handl_ip\" \/>\n<input class=\"wpcf7-form-control wpcf7-hidden\" value=\"\" type=\"hidden\" name=\"handl_ref\" \/>\n<input class=\"wpcf7-form-control wpcf7-hidden\" value=\"\" type=\"hidden\" name=\"handl_url\" \/>\n    <div class=\"row\">\n        <div class=\"col-lg-6 col-md-6 col-sm-6 col-xs-12\">\n            <div class=\"input-group\">\n                <span class=\"wpcf7-form-control-wrap\" data-name=\"text-name\"><input size=\"40\" maxlength=\"80\" class=\"wpcf7-form-control wpcf7-text wpcf7-validates-as-required\" aria-required=\"true\" aria-invalid=\"false\" placeholder=\"Nombre Completo *\" value=\"\" type=\"text\" name=\"text-name\" \/><\/span>\n            <\/div>\n            <div class=\"input-group\">\n                <span class=\"wpcf7-form-control-wrap\" data-name=\"email\"><input size=\"40\" maxlength=\"80\" class=\"wpcf7-form-control wpcf7-email wpcf7-validates-as-required wpcf7-text wpcf7-validates-as-email\" aria-required=\"true\" aria-invalid=\"false\" placeholder=\"E-mail *\" value=\"\" type=\"email\" name=\"email\" \/><\/span>\n            <\/div>\n            <div class=\"input-group\">\n                <span class=\"wpcf7-form-control-wrap\" data-name=\"empresa\"><input size=\"40\" maxlength=\"80\" class=\"wpcf7-form-control wpcf7-text wpcf7-validates-as-required\" aria-required=\"true\" aria-invalid=\"false\" placeholder=\"Empresa *\" value=\"\" type=\"text\" name=\"empresa\" \/><\/span>\n            <\/div>\n        <\/div>\n        <div class=\"col-lg-6 col-md-6 col-sm-6 col-xs-12\">\n            <div class=\"input-group\">\n                <span class=\"wpcf7-form-control-wrap\" data-name=\"message\"><textarea cols=\"40\" rows=\"10\" maxlength=\"400\" class=\"wpcf7-form-control wpcf7-textarea wpcf7-validates-as-required\" aria-required=\"true\" aria-invalid=\"false\" placeholder=\"Cu\u00e9ntanos m\u00e1s sobre tu proyecto *\" name=\"message\"><\/textarea><\/span>\n            <\/div>\n            <div class=\"input-group\">\n                <button type=\"submit\" class=\"button size-lg icon_right\">Enviar <i class=\"fa fa-chevron-right\"><\/i><\/button>\n            <\/div>\n        <\/div>\n    <\/div>\n<\/div><div class=\"wpcf7-response-output\" aria-hidden=\"true\"><\/div>\n<\/form>\n<\/div>\n[\/vc_column][\/vc_row]<\/p>\n<\/div>","protected":false},"excerpt":{"rendered":"<p>[vc_row][vc_column][stm_services posts_per_page=&#8221;12&#8243; posts_per_row=&#8221;3&#8243; img_size=&#8221;360&#215;180&#8243; style=&#8221;style_6&#8243; service_more=&#8221;yes&#8221; css=&#8221;.vc_custom_1720768889794{margin-top: 112px !important;}&#8221;][\/vc_column][\/vc_row][vc_row full_width=&#8221;stretch_row&#8221; css=&#8221;.vc_custom_1621904580175{background-color: #1b3f7c !important;}&#8221;][vc_column][stm_spacing lg_spacing=&#8221;100&#8243; md_spacing=&#8221;80&#8243; sm_spacing=&#8221;70&#8243; xs_spacing=&#8221;60&#8243;][vc_custom_heading text=&#8221;\u00bfPor qu\u00e9 elegirnos?&#8221; font_container=&#8221;tag:h3|font_size:36px|text_align:center|color:%23ffffff|line_height:36px&#8221; google_fonts=&#8221;font_family:Source%20Sans%20Pro%3A200%2C200italic%2C300%2C300italic%2Cregular%2Citalic%2C600%2C600italic%2C700%2C700italic%2C900%2C900italic|font_style:700%20bold%20regular%3A700%3Anormal&#8221;][stm_spacing lg_spacing=&#8221;20&#8243; md_spacing=&#8221;15&#8243; sm_spacing=&#8221;10&#8243; xs_spacing=&#8221;10&#8243;][vc_row_inner][vc_column_inner width=&#8221;1\/4&#8243;][stm_icon_box title_color=&#8221;custom&#8221; icon=&#8221;stm-suitcase-2&#8243; style=&#8221;icon_left&#8221; icon_size=&#8221;21&#8243; icon_color=&#8221;base&#8221; icon_bg_color=&#8221;third_bg&#8221; icon_width=&#8221;70&#8243; title=&#8221;Experiencia&#8221; title_color_custom=&#8221;#ffffff&#8221;] M\u00e1s de 11 a\u00f1os en el rubro integrando las mejores soluciones tecnol\u00f3gicas a nivel regional. [\/stm_icon_box][\/vc_column_inner][vc_column_inner width=&#8221;1\/4&#8243;][stm_icon_box title_color=&#8221;custom&#8221; icon=&#8221;far<\/p>\n","protected":false},"author":1,"featured_media":0,"parent":0,"menu_order":0,"comment_status":"closed","ping_status":"closed","template":"","meta":{"footnotes":""},"class_list":["post-6137","page","type-page","status-publish","hentry"],"yoast_head":"<!-- This site is optimized with the Yoast SEO plugin v23.0 - https:\/\/yoast.com\/wordpress\/plugins\/seo\/ -->\n<title>Soluciones - Innocom l\u00a0Expertos en Tecnolog\u00edas Corporativas en todo Centroam\u00e9rica<\/title>\n<meta name=\"robots\" content=\"index, follow, max-snippet:-1, max-image-preview:large, max-video-preview:-1\" \/>\n<link rel=\"canonical\" href=\"https:\/\/www.innocomla.com\/?page_id=6137\" \/>\n<meta property=\"og:locale\" content=\"es_ES\" \/>\n<meta property=\"og:type\" content=\"article\" \/>\n<meta property=\"og:title\" content=\"Soluciones - Innocom l\u00a0Expertos en Tecnolog\u00edas Corporativas en todo Centroam\u00e9rica\" \/>\n<meta property=\"og:description\" content=\"[vc_row][vc_column][stm_services posts_per_page=&#8221;12&#8243; posts_per_row=&#8221;3&#8243; img_size=&#8221;360&#215;180&#8243; style=&#8221;style_6&#8243; service_more=&#8221;yes&#8221; css=&#8221;.vc_custom_1720768889794{margin-top: 112px !important;}&#8221;][\/vc_column][\/vc_row][vc_row full_width=&#8221;stretch_row&#8221; css=&#8221;.vc_custom_1621904580175{background-color: #1b3f7c !important;}&#8221;][vc_column][stm_spacing lg_spacing=&#8221;100&#8243; md_spacing=&#8221;80&#8243; sm_spacing=&#8221;70&#8243; xs_spacing=&#8221;60&#8243;][vc_custom_heading text=&#8221;\u00bfPor qu\u00e9 elegirnos?&#8221; font_container=&#8221;tag:h3|font_size:36px|text_align:center|color:%23ffffff|line_height:36px&#8221; google_fonts=&#8221;font_family:Source%20Sans%20Pro%3A200%2C200italic%2C300%2C300italic%2Cregular%2Citalic%2C600%2C600italic%2C700%2C700italic%2C900%2C900italic|font_style:700%20bold%20regular%3A700%3Anormal&#8221;][stm_spacing lg_spacing=&#8221;20&#8243; md_spacing=&#8221;15&#8243; sm_spacing=&#8221;10&#8243; xs_spacing=&#8221;10&#8243;][vc_row_inner][vc_column_inner width=&#8221;1\/4&#8243;][stm_icon_box title_color=&#8221;custom&#8221; icon=&#8221;stm-suitcase-2&#8243; style=&#8221;icon_left&#8221; icon_size=&#8221;21&#8243; icon_color=&#8221;base&#8221; icon_bg_color=&#8221;third_bg&#8221; icon_width=&#8221;70&#8243; title=&#8221;Experiencia&#8221; title_color_custom=&#8221;#ffffff&#8221;] M\u00e1s de 11 a\u00f1os en el rubro integrando las mejores soluciones tecnol\u00f3gicas a nivel regional. [\/stm_icon_box][\/vc_column_inner][vc_column_inner width=&#8221;1\/4&#8243;][stm_icon_box title_color=&#8221;custom&#8221; icon=&#8221;far\" \/>\n<meta property=\"og:url\" content=\"https:\/\/www.innocomla.com\/?page_id=6137\" \/>\n<meta property=\"og:site_name\" content=\"Innocom l\u00a0Expertos en Tecnolog\u00edas Corporativas en todo Centroam\u00e9rica\" \/>\n<meta property=\"article:publisher\" content=\"https:\/\/www.facebook.com\/innocomCentroAmerica\" \/>\n<meta property=\"article:modified_time\" content=\"2024-07-12T07:21:37+00:00\" \/>\n<meta name=\"twitter:card\" content=\"summary_large_image\" \/>\n<meta name=\"twitter:site\" content=\"@innocomla\" \/>\n<meta name=\"twitter:label1\" content=\"Tiempo de lectura\" \/>\n\t<meta name=\"twitter:data1\" content=\"1 minuto\" \/>\n<script type=\"application\/ld+json\" class=\"yoast-schema-graph\">{\"@context\":\"https:\/\/schema.org\",\"@graph\":[{\"@type\":\"WebPage\",\"@id\":\"https:\/\/www.innocomla.com\/?page_id=6137\",\"url\":\"https:\/\/www.innocomla.com\/?page_id=6137\",\"name\":\"Soluciones - Innocom l\u00a0Expertos en Tecnolog\u00edas Corporativas en todo Centroam\u00e9rica\",\"isPartOf\":{\"@id\":\"https:\/\/www.innocomla.com\/#website\"},\"datePublished\":\"2019-11-20T12:33:44+00:00\",\"dateModified\":\"2024-07-12T07:21:37+00:00\",\"breadcrumb\":{\"@id\":\"https:\/\/www.innocomla.com\/?page_id=6137#breadcrumb\"},\"inLanguage\":\"es\",\"potentialAction\":[{\"@type\":\"ReadAction\",\"target\":[\"https:\/\/www.innocomla.com\/?page_id=6137\"]}]},{\"@type\":\"BreadcrumbList\",\"@id\":\"https:\/\/www.innocomla.com\/?page_id=6137#breadcrumb\",\"itemListElement\":[{\"@type\":\"ListItem\",\"position\":1,\"name\":\"Home\",\"item\":\"https:\/\/www.innocomla.com\/\"},{\"@type\":\"ListItem\",\"position\":2,\"name\":\"Soluciones\"}]},{\"@type\":\"WebSite\",\"@id\":\"https:\/\/www.innocomla.com\/#website\",\"url\":\"https:\/\/www.innocomla.com\/\",\"name\":\"Innocom l\u00a0Expertos en Tecnolog\u00edas Corporativas en todo Centroam\u00e9rica\",\"description\":\"Consultores e integradores desde 2009\",\"potentialAction\":[{\"@type\":\"SearchAction\",\"target\":{\"@type\":\"EntryPoint\",\"urlTemplate\":\"https:\/\/www.innocomla.com\/?s={search_term_string}\"},\"query-input\":\"required name=search_term_string\"}],\"inLanguage\":\"es\"}]}<\/script>\n<!-- \/ Yoast SEO plugin. -->","yoast_head_json":{"title":"Soluciones - Innocom l\u00a0Expertos en Tecnolog\u00edas Corporativas en todo Centroam\u00e9rica","robots":{"index":"index","follow":"follow","max-snippet":"max-snippet:-1","max-image-preview":"max-image-preview:large","max-video-preview":"max-video-preview:-1"},"canonical":"https:\/\/www.innocomla.com\/?page_id=6137","og_locale":"es_ES","og_type":"article","og_title":"Soluciones - Innocom l\u00a0Expertos en Tecnolog\u00edas Corporativas en todo Centroam\u00e9rica","og_description":"[vc_row][vc_column][stm_services posts_per_page=&#8221;12&#8243; posts_per_row=&#8221;3&#8243; img_size=&#8221;360&#215;180&#8243; style=&#8221;style_6&#8243; service_more=&#8221;yes&#8221; css=&#8221;.vc_custom_1720768889794{margin-top: 112px !important;}&#8221;][\/vc_column][\/vc_row][vc_row full_width=&#8221;stretch_row&#8221; css=&#8221;.vc_custom_1621904580175{background-color: #1b3f7c !important;}&#8221;][vc_column][stm_spacing lg_spacing=&#8221;100&#8243; md_spacing=&#8221;80&#8243; sm_spacing=&#8221;70&#8243; xs_spacing=&#8221;60&#8243;][vc_custom_heading text=&#8221;\u00bfPor qu\u00e9 elegirnos?&#8221; font_container=&#8221;tag:h3|font_size:36px|text_align:center|color:%23ffffff|line_height:36px&#8221; google_fonts=&#8221;font_family:Source%20Sans%20Pro%3A200%2C200italic%2C300%2C300italic%2Cregular%2Citalic%2C600%2C600italic%2C700%2C700italic%2C900%2C900italic|font_style:700%20bold%20regular%3A700%3Anormal&#8221;][stm_spacing lg_spacing=&#8221;20&#8243; md_spacing=&#8221;15&#8243; sm_spacing=&#8221;10&#8243; xs_spacing=&#8221;10&#8243;][vc_row_inner][vc_column_inner width=&#8221;1\/4&#8243;][stm_icon_box title_color=&#8221;custom&#8221; icon=&#8221;stm-suitcase-2&#8243; style=&#8221;icon_left&#8221; icon_size=&#8221;21&#8243; icon_color=&#8221;base&#8221; icon_bg_color=&#8221;third_bg&#8221; icon_width=&#8221;70&#8243; title=&#8221;Experiencia&#8221; title_color_custom=&#8221;#ffffff&#8221;] M\u00e1s de 11 a\u00f1os en el rubro integrando las mejores soluciones tecnol\u00f3gicas a nivel regional. [\/stm_icon_box][\/vc_column_inner][vc_column_inner width=&#8221;1\/4&#8243;][stm_icon_box title_color=&#8221;custom&#8221; icon=&#8221;far","og_url":"https:\/\/www.innocomla.com\/?page_id=6137","og_site_name":"Innocom l\u00a0Expertos en Tecnolog\u00edas Corporativas en todo Centroam\u00e9rica","article_publisher":"https:\/\/www.facebook.com\/innocomCentroAmerica","article_modified_time":"2024-07-12T07:21:37+00:00","twitter_card":"summary_large_image","twitter_site":"@innocomla","twitter_misc":{"Tiempo de lectura":"1 minuto"},"schema":{"@context":"https:\/\/schema.org","@graph":[{"@type":"WebPage","@id":"https:\/\/www.innocomla.com\/?page_id=6137","url":"https:\/\/www.innocomla.com\/?page_id=6137","name":"Soluciones - Innocom l\u00a0Expertos en Tecnolog\u00edas Corporativas en todo Centroam\u00e9rica","isPartOf":{"@id":"https:\/\/www.innocomla.com\/#website"},"datePublished":"2019-11-20T12:33:44+00:00","dateModified":"2024-07-12T07:21:37+00:00","breadcrumb":{"@id":"https:\/\/www.innocomla.com\/?page_id=6137#breadcrumb"},"inLanguage":"es","potentialAction":[{"@type":"ReadAction","target":["https:\/\/www.innocomla.com\/?page_id=6137"]}]},{"@type":"BreadcrumbList","@id":"https:\/\/www.innocomla.com\/?page_id=6137#breadcrumb","itemListElement":[{"@type":"ListItem","position":1,"name":"Home","item":"https:\/\/www.innocomla.com\/"},{"@type":"ListItem","position":2,"name":"Soluciones"}]},{"@type":"WebSite","@id":"https:\/\/www.innocomla.com\/#website","url":"https:\/\/www.innocomla.com\/","name":"Innocom l\u00a0Expertos en Tecnolog\u00edas Corporativas en todo Centroam\u00e9rica","description":"Consultores e integradores desde 2009","potentialAction":[{"@type":"SearchAction","target":{"@type":"EntryPoint","urlTemplate":"https:\/\/www.innocomla.com\/?s={search_term_string}"},"query-input":"required name=search_term_string"}],"inLanguage":"es"}]}},"_links":{"self":[{"href":"https:\/\/www.innocomla.com\/index.php?rest_route=\/wp\/v2\/pages\/6137","targetHints":{"allow":["GET"]}}],"collection":[{"href":"https:\/\/www.innocomla.com\/index.php?rest_route=\/wp\/v2\/pages"}],"about":[{"href":"https:\/\/www.innocomla.com\/index.php?rest_route=\/wp\/v2\/types\/page"}],"author":[{"embeddable":true,"href":"https:\/\/www.innocomla.com\/index.php?rest_route=\/wp\/v2\/users\/1"}],"replies":[{"embeddable":true,"href":"https:\/\/www.innocomla.com\/index.php?rest_route=%2Fwp%2Fv2%2Fcomments&post=6137"}],"version-history":[{"count":37,"href":"https:\/\/www.innocomla.com\/index.php?rest_route=\/wp\/v2\/pages\/6137\/revisions"}],"predecessor-version":[{"id":7615,"href":"https:\/\/www.innocomla.com\/index.php?rest_route=\/wp\/v2\/pages\/6137\/revisions\/7615"}],"wp:attachment":[{"href":"https:\/\/www.innocomla.com\/index.php?rest_route=%2Fwp%2Fv2%2Fmedia&parent=6137"}],"curies":[{"name":"wp","href":"https:\/\/api.w.org\/{rel}","templated":true}]}}