{"id":1024,"date":"2015-12-14T07:14:55","date_gmt":"2015-12-14T07:14:55","guid":{"rendered":"http:\/\/consulting.stylemixthemes.com\/demo\/?page_id=2"},"modified":"2024-08-22T16:59:42","modified_gmt":"2024-08-22T16:59:42","slug":"proveedor-de-servicios-de-tecnologia-de-la-informacion","status":"publish","type":"page","link":"https:\/\/www.innocomla.com\/","title":{"rendered":"Home"},"content":{"rendered":"<div class=\"wpb-content-wrapper\"><p>[vc_row][vc_column][rev_slider_vc alias=&#8221;fullscreen-main-slider&#8221;][\/vc_column][\/vc_row][vc_row css=&#8221;.vc_custom_1621964500186{margin-bottom: 37px !important;}&#8221;][vc_column width=&#8221;1\/3&#8243;][stm_animation_block animation=&#8221;fadeInUp&#8221; animation_duration=&#8221;1&#8243; animation_delay=&#8221;0&#8243;][stm_info_box style=&#8221;style_3&#8243; title_icon=&#8221;stm-suitcase-2&#8243; title=&#8221;Experiencia&#8221; image=&#8221;7459&#8243; link=&#8221;url:http%3A%2F%2Fwww.innocomla.com%2F%3Fpage_id%3D1142|title:Ver%20m%C3%A1s&#8221;]M\u00e1s de 11 a\u00f1os en el rubro integrando las mejores soluciones tecnol\u00f3gicas a nivel regional.[\/stm_info_box][\/stm_animation_block][\/vc_column][vc_column width=&#8221;1\/3&#8243;][stm_animation_block animation=&#8221;fadeInUp&#8221; animation_duration=&#8221;1&#8243; animation_delay=&#8221;0.05&#8243;][stm_info_box style=&#8221;style_3&#8243; title_icon=&#8221;stm-nokia_outline&#8221; title=&#8221;Asesor\u00eda&#8221; image=&#8221;7458&#8243; link=&#8221;url:http%3A%2F%2Fwww.innocomla.com%2F%3Fpage_id%3D1142|title:Ver%20m%C3%A1s&#8221;]Nuestras representantes te acompa\u00f1aran paso a paso, para buscar las mejores opciones, soluciones y herramientas en cada uno de tus proyectos.[\/stm_info_box][\/stm_animation_block][\/vc_column][vc_column width=&#8221;1\/3&#8243;][stm_animation_block animation=&#8221;fadeInUp&#8221; animation_duration=&#8221;1&#8243; animation_delay=&#8221;0.1&#8243;][stm_info_box style=&#8221;style_3&#8243; title_icon=&#8221;stm-ankara-trophy&#8221; title=&#8221;Personal&#8221; image=&#8221;7461&#8243; link=&#8221;url:http%3A%2F%2Fwww.innocomla.com%2F%3Fpage_id%3D1142|title:Ver%20m%C3%A1s&#8221;]Un equipo de especialistas 100% certificados y en constante actualizaci\u00f3n con las avances que demanda el ritmo de la tecnolog\u00eda.[\/stm_info_box][\/stm_animation_block][\/vc_column][\/vc_row][vc_row full_width=&#8221;stretch_row&#8221; css=&#8221;.vc_custom_1451476985704{padding-top: 53px !important;padding-bottom: 70px !important;background-color: #f2f2f2 !important;}&#8221;][vc_column][vc_custom_heading text=&#8221;Soluciones&#8221; font_container=&#8221;tag:h3|font_size:50px|text_align:center|color:%231b3f7c|line_height:60px&#8221; google_fonts=&#8221;font_family:Source%20Sans%20Pro%3A200%2C200italic%2C300%2C300italic%2Cregular%2Citalic%2C600%2C600italic%2C700%2C700italic%2C900%2C900italic|font_style:700%20bold%20regular%3A700%3Anormal&#8221; css=&#8221;.vc_custom_1621972267620{margin-bottom: 28px !important;}&#8221; el_class=&#8221;base_font_color&#8221;][vc_row_inner css=&#8221;.vc_custom_1455871593995{margin-bottom: 30px !important;}&#8221;][vc_column_inner width=&#8221;1\/3&#8243;][stm_icon_box hide_title_line=&#8221;hide_title_line&#8221; enable_hexagon=&#8221;enable&#8221; enable_hexagon_animation=&#8221;enable&#8221; add_link=&#8221;enable&#8221; icon=&#8221;fas fa-tty&#8221; style=&#8221;icon_left&#8221; icon_size=&#8221;15&#8243; icon_width=&#8221;78&#8243; title=&#8221;Telefon\u00eda IP&#8221; link=&#8221;url:http%3A%2F%2Fwww.innocomla.com%2F%3Fstm_service%3Dtelefonia|title:Ver%20m%C3%A1s&#8221;]Contamos desde Plantas telef\u00f3nicas-On premise hasta tel\u00e9fonos con conexi\u00f3n WiFi ideales para Home Office.[\/stm_icon_box][\/vc_column_inner][vc_column_inner width=&#8221;1\/3&#8243;][stm_icon_box hide_title_line=&#8221;hide_title_line&#8221; enable_hexagon=&#8221;enable&#8221; enable_hexagon_animation=&#8221;enable&#8221; add_link=&#8221;enable&#8221; icon=&#8221;fas fa-video&#8221; style=&#8221;icon_left&#8221; icon_size=&#8221;22&#8243; icon_width=&#8221;78&#8243; title=&#8221;Videoconferencia&#8221; link=&#8221;url:http%3A%2F%2Fwww.innocomla.com%2F%3Fstm_service%3Dvideo-y-audio-conferencias|title:Ver%20m%C3%A1s&#8221;]Automatizaci\u00f3n y adecuaci\u00f3n de salas de reuniones o espacios comunes con lo mejor en tecnolog\u00edas unificadas.[\/stm_icon_box][\/vc_column_inner][vc_column_inner width=&#8221;1\/3&#8243;][stm_icon_box hide_title_line=&#8221;hide_title_line&#8221; enable_hexagon=&#8221;enable&#8221; enable_hexagon_animation=&#8221;enable&#8221; add_link=&#8221;enable&#8221; icon=&#8221;fas fa-photo-video&#8221; style=&#8221;icon_left&#8221; icon_size=&#8221;22&#8243; icon_width=&#8221;78&#8243; title=&#8221;Audio Visual&#8221; link=&#8221;url:http%3A%2F%2Fwww.innocomla.com%2F%3Fstm_service%3Daudio-visual|title:Ver%20m%C3%A1s&#8221;]Dise\u00f1amos e integramos todo un ecosistema para cualquier entorno en interiores o exteriores.[\/stm_icon_box][\/vc_column_inner][\/vc_row_inner][vc_row_inner][vc_column_inner width=&#8221;1\/3&#8243;][stm_icon_box hide_title_line=&#8221;hide_title_line&#8221; enable_hexagon=&#8221;enable&#8221; enable_hexagon_animation=&#8221;enable&#8221; add_link=&#8221;enable&#8221; icon=&#8221;fas fa-eye&#8221; style=&#8221;icon_left&#8221; icon_size=&#8221;24&#8243; icon_width=&#8221;78&#8243; title=&#8221;Video<br \/>\nVigilancia&#8221; link=&#8221;url:http%3A%2F%2Fwww.innocomla.com%2F%3Fstm_service%3Dvideovigilancia|title:Ver%20m%C3%A1s&#8221;]Tecnolog\u00edas de seguridad de acceso, video vigilancia o c\u00e1maras t\u00e9rmicas, ideales para cumplir las nuevas medidas de bio seguridad.[\/stm_icon_box][\/vc_column_inner][vc_column_inner width=&#8221;1\/3&#8243;][stm_icon_box hide_title_line=&#8221;hide_title_line&#8221; enable_hexagon=&#8221;enable&#8221; enable_hexagon_animation=&#8221;enable&#8221; add_link=&#8221;enable&#8221; icon=&#8221;fas fa-fingerprint&#8221; style=&#8221;icon_left&#8221; icon_size=&#8221;28&#8243; icon_width=&#8221;78&#8243; title=&#8221;Controles de<br \/>\nAcceso&#8221; link=&#8221;url:http%3A%2F%2Fwww.innocomla.com%2F%3Fstm_service%3Dcontroles-de-acceso|title:Ver%20m%C3%A1s&#8221;]Garantiza la eficiencia, seguridad y un excelente manejo de las entradas y salidas.[\/stm_icon_box][\/vc_column_inner][vc_column_inner width=&#8221;1\/3&#8243;][stm_icon_box hide_title_line=&#8221;hide_title_line&#8221; enable_hexagon=&#8221;enable&#8221; enable_hexagon_animation=&#8221;enable&#8221; add_link=&#8221;enable&#8221; icon=&#8221;fas fa-building&#8221; style=&#8221;icon_left&#8221; icon_size=&#8221;20&#8243; icon_width=&#8221;78&#8243; title=&#8221;Cableado<br \/>\nEstructurado&#8221; link=&#8221;url:http%3A%2F%2Fwww.innocomla.com%2F%3Fstm_service%3Dcableado-estructurado|title:Ver%20m%C3%A1s&#8221;]Integramos a trav\u00e9s de cableado estructurado los servicios de voz, datos y v\u00eddeo, sistemas de control y automatizaci\u00f3n de un edificio.[\/stm_icon_box][\/vc_column_inner][\/vc_row_inner][vc_row_inner][vc_column_inner width=&#8221;1\/3&#8243;][stm_icon_box hide_title_line=&#8221;hide_title_line&#8221; enable_hexagon=&#8221;enable&#8221; enable_hexagon_animation=&#8221;enable&#8221; add_link=&#8221;enable&#8221; icon=&#8221;fas fa-server&#8221; style=&#8221;icon_left&#8221; icon_size=&#8221;24&#8243; icon_width=&#8221;78&#8243; title=&#8221;Seguridad<br \/>\ny Redes&#8221; link=&#8221;url:http%3A%2F%2Fwww.innocomla.com%2F%3Fstm_service%3Dseguridad-y-redes|title:Seguridad%20y%20Redes&#8221;]Instalaci\u00f3n, configuraci\u00f3n y configuraci\u00f3n de la seguridad de redes de la empresa, tanto de datos como de VoIP[\/stm_icon_box][\/vc_column_inner][vc_column_inner width=&#8221;1\/3&#8243;][stm_icon_box hide_title_line=&#8221;hide_title_line&#8221; enable_hexagon=&#8221;enable&#8221; enable_hexagon_animation=&#8221;enable&#8221; add_link=&#8221;enable&#8221; icon=&#8221;fas fa-users&#8221; style=&#8221;icon_left&#8221; icon_size=&#8221;28&#8243; icon_width=&#8221;78&#8243; title=&#8221;Contact<br \/>\nCenter&#8221; link=&#8221;url:http%3A%2F%2Fwww.innocomla.com%2F%3Fstm_service%3Dcontact-center|title:Ver%20m%C3%A1s&#8221;]Mejora tu servicio al cliente con las mejores herramientas y sistemas de comunicaci\u00f3n.[\/stm_icon_box][\/vc_column_inner][vc_column_inner width=&#8221;1\/3&#8243;][stm_icon_box hide_title_line=&#8221;hide_title_line&#8221; enable_hexagon=&#8221;enable&#8221; enable_hexagon_animation=&#8221;enable&#8221; add_link=&#8221;enable&#8221; icon=&#8221;fas fa-user-shield&#8221; style=&#8221;icon_left&#8221; icon_size=&#8221;20&#8243; icon_width=&#8221;78&#8243; title=&#8221;Mesa de<br \/>\nAyuda&#8221; link=&#8221;url:http%3A%2F%2Fwww.innocomla.com%2F%3Fstm_service%3Dmesa-de-ayuda|title:Ver%20m%C3%A1s&#8221;]Brindamos todo el soporte t\u00e9cnico a tu empresa. Considerando la complejidad econ\u00f3mica actual.[\/stm_icon_box][\/vc_column_inner][\/vc_row_inner][\/vc_column][\/vc_row][vc_row full_width=&#8221;stretch_row&#8221; css=&#8221;.vc_custom_1621974281647{padding-top: 100px !important;padding-bottom: 42px !important;background-color: #f2f2f2 !important;}&#8221;][vc_column][vc_custom_heading text=&#8221;Nuestras Marcas&#8221; font_container=&#8221;tag:div|font_size:34px|text_align:center|color:%231e73be|line_height:34px&#8221; google_fonts=&#8221;font_family:Poppins%3A300%2Cregular%2C500%2C600%2C700|font_style:700%20bold%3A700%3Anormal&#8221;][stm_image_carousel grayscale=&#8221;yes&#8221; autoplay=&#8221;yes&#8221; timeout=&#8221;0&#8243; loop=&#8221;yes&#8221; smart_speed=&#8221;650&#8243; items=&#8221;7&#8243; items_mobile=&#8221;2&#8243; images=&#8221;7167,7161,7159,7157,7155,7153,7150,7148,7146,7144,7142,7140,7137,7133,7131,7126,7123,7120,7524&#8243; el_class=&#8221;no_paddings&#8221; link=&#8221;url:%2Fcompany-overview%2Four-partners%2F||&#8221;][\/vc_column][\/vc_row][vc_row full_width=&#8221;stretch_row&#8221; el_class=&#8221;overlay_2 fixed_bg&#8221; css=&#8221;.vc_custom_1621971072959{padding-top: 66px !important;padding-bottom: 66px !important;background-image: url(https:\/\/www.innocomla.com\/wp-content\/uploads\/2021\/04\/partners_bg-1.jpeg?id=7085) !important;background-position: center !important;background-repeat: no-repeat !important;background-size: cover !important;}&#8221;][vc_column][vc_custom_heading text=&#8221;Construyendo el Futuro<br \/>\n<mark>a trav\u00e9s de la Tecnolog\u00eda.<\/mark>&#8221; font_container=&#8221;tag:div|font_size:28px|text_align:center|color:%23ffffff|line_height:34px&#8221; google_fonts=&#8221;font_family:Poppins%3A300%2Cregular%2C500%2C600%2C700|font_style:700%20bold%3A700%3Anormal&#8221;][\/vc_column][\/vc_row][vc_row full_width=&#8221;stretch_row&#8221; css=&#8221;.vc_custom_1621971059595{margin-bottom: 0px !important;padding-top: 96px !important;padding-bottom: 80px !important;background-color: #222222 !important;}&#8221;][vc_column width=&#8221;1\/3&#8243;][vc_custom_heading text=&#8221;Obt\u00e9n Asesor\u00eda para Tu Pr\u00f3ximo Proyecto&#8221; font_container=&#8221;tag:div|font_size:36px|text_align:left|color:%23ffffff|line_height:38px&#8221; google_fonts=&#8221;font_family:Poppins%3A300%2Cregular%2C500%2C600%2C700|font_style:700%20bold%3A700%3Anormal&#8221; css=&#8221;.vc_custom_1619733771229{margin-bottom: 19px !important;}&#8221;][vc_column_text]<span style=\"color: #ffffff; font-size: 13px; line-height: 22px;\">\u00bfTe gustar\u00eda recibir asesor\u00eda gratis para tu proyecto cercano?<br \/>\nCu\u00e9ntanos un poco m\u00e1s sobre ti y con gusto un asesor se comunicar\u00e1 contigo a la brevedad.<\/span>[\/vc_column_text][\/vc_column][vc_column width=&#8221;2\/3&#8243;]\n<div class=\"wpcf7 no-js\" id=\"wpcf7-f508-o1\" lang=\"en-US\" dir=\"ltr\">\n<div class=\"screen-reader-response\"><p role=\"status\" aria-live=\"polite\" aria-atomic=\"true\"><\/p> <ul><\/ul><\/div>\n<form action=\"\/index.php?rest_route=%2Fwp%2Fv2%2Fpages%2F1024#wpcf7-f508-o1\" method=\"post\" class=\"wpcf7-form init\" aria-label=\"Contact form\" novalidate=\"novalidate\" data-status=\"init\">\n<div style=\"display: none;\">\n<input type=\"hidden\" name=\"_wpcf7\" value=\"508\" \/>\n<input type=\"hidden\" name=\"_wpcf7_version\" value=\"5.9.6\" \/>\n<input type=\"hidden\" name=\"_wpcf7_locale\" value=\"en_US\" \/>\n<input type=\"hidden\" name=\"_wpcf7_unit_tag\" value=\"wpcf7-f508-o1\" \/>\n<input type=\"hidden\" name=\"_wpcf7_container_post\" value=\"0\" \/>\n<input type=\"hidden\" name=\"_wpcf7_posted_data_hash\" value=\"\" \/>\n<\/div>\n<div class=\"request_callback\">\n<input class=\"wpcf7-form-control wpcf7-hidden\" value=\"\" type=\"hidden\" name=\"utm_campaign\" \/>\n<input class=\"wpcf7-form-control wpcf7-hidden\" value=\"\" type=\"hidden\" name=\"utm_source\" \/>\n<input class=\"wpcf7-form-control wpcf7-hidden\" value=\"\" type=\"hidden\" name=\"utm_term\" \/>\n<input class=\"wpcf7-form-control wpcf7-hidden\" value=\"\" type=\"hidden\" name=\"utm_medium\" \/>\n<input class=\"wpcf7-form-control wpcf7-hidden\" value=\"\" type=\"hidden\" name=\"utm_content\" \/>\n<input class=\"wpcf7-form-control wpcf7-hidden\" value=\"\" type=\"hidden\" name=\"handl_original_ref\" \/>\n<input class=\"wpcf7-form-control wpcf7-hidden\" value=\"\" type=\"hidden\" name=\"handl_landing_page\" \/>\n<input class=\"wpcf7-form-control wpcf7-hidden\" value=\"\" type=\"hidden\" name=\"handl_ip\" \/>\n<input class=\"wpcf7-form-control wpcf7-hidden\" value=\"\" type=\"hidden\" name=\"handl_ref\" \/>\n<input class=\"wpcf7-form-control wpcf7-hidden\" value=\"\" type=\"hidden\" name=\"handl_url\" \/>\n    <div class=\"row\">\n        <div class=\"col-lg-6 col-md-6 col-sm-6 col-xs-12\">\n            <div class=\"input-group\">\n                <span class=\"wpcf7-form-control-wrap\" data-name=\"text-name\"><input size=\"40\" maxlength=\"80\" class=\"wpcf7-form-control wpcf7-text wpcf7-validates-as-required\" aria-required=\"true\" aria-invalid=\"false\" placeholder=\"Nombre Completo *\" value=\"\" type=\"text\" name=\"text-name\" \/><\/span>\n            <\/div>\n            <div class=\"input-group\">\n                <span class=\"wpcf7-form-control-wrap\" data-name=\"email\"><input size=\"40\" maxlength=\"80\" class=\"wpcf7-form-control wpcf7-email wpcf7-validates-as-required wpcf7-text wpcf7-validates-as-email\" aria-required=\"true\" aria-invalid=\"false\" placeholder=\"E-mail *\" value=\"\" type=\"email\" name=\"email\" \/><\/span>\n            <\/div>\n            <div class=\"input-group\">\n                <span class=\"wpcf7-form-control-wrap\" data-name=\"empresa\"><input size=\"40\" maxlength=\"80\" class=\"wpcf7-form-control wpcf7-text wpcf7-validates-as-required\" aria-required=\"true\" aria-invalid=\"false\" placeholder=\"Empresa *\" value=\"\" type=\"text\" name=\"empresa\" \/><\/span>\n            <\/div>\n        <\/div>\n        <div class=\"col-lg-6 col-md-6 col-sm-6 col-xs-12\">\n            <div class=\"input-group\">\n                <span class=\"wpcf7-form-control-wrap\" data-name=\"message\"><textarea cols=\"40\" rows=\"10\" maxlength=\"400\" class=\"wpcf7-form-control wpcf7-textarea wpcf7-validates-as-required\" aria-required=\"true\" aria-invalid=\"false\" placeholder=\"Cu\u00e9ntanos m\u00e1s sobre tu proyecto *\" name=\"message\"><\/textarea><\/span>\n            <\/div>\n            <div class=\"input-group\">\n                <button type=\"submit\" class=\"button size-lg icon_right\">Enviar <i class=\"fa fa-chevron-right\"><\/i><\/button>\n            <\/div>\n        <\/div>\n    <\/div>\n<\/div><div class=\"wpcf7-response-output\" aria-hidden=\"true\"><\/div>\n<\/form>\n<\/div>\n[\/vc_column][\/vc_row][vc_row full_width=&#8221;stretch_row_content_no_spaces&#8221; css=&#8221;.vc_custom_1453109987955{margin-bottom: -60px !important;padding-top: 0px !important;padding-bottom: 0px !important;}&#8221;][vc_column][stm_gmap map_height=&#8221;500px&#8221; map_zoom=&#8221;6&#8243; disable_mouse_whell=&#8221;disable&#8221;][stm_gmap_address title=&#8221;El Salvador&#8221; address=&#8221;Av. La Capilla casa 403, San Salvador&#8221; phone=&#8221;+503 2121 3650&#8243; email=&#8221;info@innocomla.com&#8221; lat=&#8221;13.6870142&#8243; lng=&#8221;-89.2441043&#8243;][\/stm_gmap][\/vc_column][\/vc_row]<\/p>\n<\/div>","protected":false},"excerpt":{"rendered":"<p>[vc_row][vc_column][rev_slider_vc alias=&#8221;fullscreen-main-slider&#8221;][\/vc_column][\/vc_row][vc_row css=&#8221;.vc_custom_1621964500186{margin-bottom: 37px !important;}&#8221;][vc_column width=&#8221;1\/3&#8243;][stm_animation_block animation=&#8221;fadeInUp&#8221; animation_duration=&#8221;1&#8243; animation_delay=&#8221;0&#8243;][stm_info_box style=&#8221;style_3&#8243; title_icon=&#8221;stm-suitcase-2&#8243; title=&#8221;Experiencia&#8221; image=&#8221;7459&#8243; link=&#8221;url:http%3A%2F%2Fwww.innocomla.com%2F%3Fpage_id%3D1142|title:Ver%20m%C3%A1s&#8221;]M\u00e1s de 11 a\u00f1os en el rubro integrando las mejores soluciones tecnol\u00f3gicas a nivel regional.[\/stm_info_box][\/stm_animation_block][\/vc_column][vc_column width=&#8221;1\/3&#8243;][stm_animation_block animation=&#8221;fadeInUp&#8221; animation_duration=&#8221;1&#8243; animation_delay=&#8221;0.05&#8243;][stm_info_box style=&#8221;style_3&#8243; title_icon=&#8221;stm-nokia_outline&#8221; title=&#8221;Asesor\u00eda&#8221; image=&#8221;7458&#8243; link=&#8221;url:http%3A%2F%2Fwww.innocomla.com%2F%3Fpage_id%3D1142|title:Ver%20m%C3%A1s&#8221;]Nuestras representantes te acompa\u00f1aran paso a paso, para buscar las mejores opciones, soluciones y herramientas en cada uno de<\/p>\n","protected":false},"author":1,"featured_media":0,"parent":0,"menu_order":0,"comment_status":"closed","ping_status":"closed","template":"","meta":{"footnotes":""},"class_list":["post-1024","page","type-page","status-publish","hentry"],"yoast_head":"<!-- This site is optimized with the Yoast SEO plugin v23.0 - https:\/\/yoast.com\/wordpress\/plugins\/seo\/ -->\n<title>Innocom l\u00a0Expertos en Tecnolog\u00edas Corporativas<\/title>\n<meta name=\"description\" content=\"Tecnolog\u00eda especializada en proyectos y servicios de telecomunicaciones, seguridad de redes, software de back-office, entre otros\" \/>\n<meta name=\"robots\" content=\"index, follow, max-snippet:-1, max-image-preview:large, max-video-preview:-1\" \/>\n<link rel=\"canonical\" href=\"https:\/\/www.innocomla.com\/\" \/>\n<meta property=\"og:locale\" content=\"es_ES\" \/>\n<meta property=\"og:type\" content=\"article\" \/>\n<meta property=\"og:title\" content=\"Innocom l\u00a0Expertos en Tecnolog\u00edas Corporativas\" \/>\n<meta property=\"og:description\" content=\"Tecnolog\u00eda especializada en proyectos y servicios de telecomunicaciones, seguridad de redes, software de back-office, entre otros\" \/>\n<meta property=\"og:url\" content=\"https:\/\/www.innocomla.com\/\" \/>\n<meta property=\"og:site_name\" content=\"Innocom l\u00a0Expertos en Tecnolog\u00edas Corporativas en todo Centroam\u00e9rica\" \/>\n<meta property=\"article:publisher\" content=\"https:\/\/www.facebook.com\/innocomCentroAmerica\" \/>\n<meta property=\"article:modified_time\" content=\"2024-08-22T16:59:42+00:00\" \/>\n<meta name=\"twitter:card\" content=\"summary_large_image\" \/>\n<meta name=\"twitter:site\" content=\"@innocomla\" \/>\n<meta name=\"twitter:label1\" content=\"Tiempo de lectura\" \/>\n\t<meta name=\"twitter:data1\" content=\"3 minutos\" \/>\n<script type=\"application\/ld+json\" class=\"yoast-schema-graph\">{\"@context\":\"https:\/\/schema.org\",\"@graph\":[{\"@type\":\"WebPage\",\"@id\":\"https:\/\/www.innocomla.com\/\",\"url\":\"https:\/\/www.innocomla.com\/\",\"name\":\"Innocom l\u00a0Expertos en Tecnolog\u00edas Corporativas\",\"isPartOf\":{\"@id\":\"https:\/\/www.innocomla.com\/#website\"},\"datePublished\":\"2015-12-14T07:14:55+00:00\",\"dateModified\":\"2024-08-22T16:59:42+00:00\",\"description\":\"Tecnolog\u00eda especializada en proyectos y servicios de telecomunicaciones, seguridad de redes, software de back-office, entre otros\",\"breadcrumb\":{\"@id\":\"https:\/\/www.innocomla.com\/#breadcrumb\"},\"inLanguage\":\"es\",\"potentialAction\":[{\"@type\":\"ReadAction\",\"target\":[\"https:\/\/www.innocomla.com\/\"]}]},{\"@type\":\"BreadcrumbList\",\"@id\":\"https:\/\/www.innocomla.com\/#breadcrumb\",\"itemListElement\":[{\"@type\":\"ListItem\",\"position\":1,\"name\":\"Home\",\"item\":\"https:\/\/www.innocomla.com\/\"},{\"@type\":\"ListItem\",\"position\":2,\"name\":\"Home\"}]},{\"@type\":\"WebSite\",\"@id\":\"https:\/\/www.innocomla.com\/#website\",\"url\":\"https:\/\/www.innocomla.com\/\",\"name\":\"Innocom l\u00a0Expertos en Tecnolog\u00edas Corporativas en todo Centroam\u00e9rica\",\"description\":\"Consultores e integradores desde 2009\",\"potentialAction\":[{\"@type\":\"SearchAction\",\"target\":{\"@type\":\"EntryPoint\",\"urlTemplate\":\"https:\/\/www.innocomla.com\/?s={search_term_string}\"},\"query-input\":\"required name=search_term_string\"}],\"inLanguage\":\"es\"}]}<\/script>\n<!-- \/ Yoast SEO plugin. -->","yoast_head_json":{"title":"Innocom l\u00a0Expertos en Tecnolog\u00edas Corporativas","description":"Tecnolog\u00eda especializada en proyectos y servicios de telecomunicaciones, seguridad de redes, software de back-office, entre otros","robots":{"index":"index","follow":"follow","max-snippet":"max-snippet:-1","max-image-preview":"max-image-preview:large","max-video-preview":"max-video-preview:-1"},"canonical":"https:\/\/www.innocomla.com\/","og_locale":"es_ES","og_type":"article","og_title":"Innocom l\u00a0Expertos en Tecnolog\u00edas Corporativas","og_description":"Tecnolog\u00eda especializada en proyectos y servicios de telecomunicaciones, seguridad de redes, software de back-office, entre otros","og_url":"https:\/\/www.innocomla.com\/","og_site_name":"Innocom l\u00a0Expertos en Tecnolog\u00edas Corporativas en todo Centroam\u00e9rica","article_publisher":"https:\/\/www.facebook.com\/innocomCentroAmerica","article_modified_time":"2024-08-22T16:59:42+00:00","twitter_card":"summary_large_image","twitter_site":"@innocomla","twitter_misc":{"Tiempo de lectura":"3 minutos"},"schema":{"@context":"https:\/\/schema.org","@graph":[{"@type":"WebPage","@id":"https:\/\/www.innocomla.com\/","url":"https:\/\/www.innocomla.com\/","name":"Innocom l\u00a0Expertos en Tecnolog\u00edas Corporativas","isPartOf":{"@id":"https:\/\/www.innocomla.com\/#website"},"datePublished":"2015-12-14T07:14:55+00:00","dateModified":"2024-08-22T16:59:42+00:00","description":"Tecnolog\u00eda especializada en proyectos y servicios de telecomunicaciones, seguridad de redes, software de back-office, entre otros","breadcrumb":{"@id":"https:\/\/www.innocomla.com\/#breadcrumb"},"inLanguage":"es","potentialAction":[{"@type":"ReadAction","target":["https:\/\/www.innocomla.com\/"]}]},{"@type":"BreadcrumbList","@id":"https:\/\/www.innocomla.com\/#breadcrumb","itemListElement":[{"@type":"ListItem","position":1,"name":"Home","item":"https:\/\/www.innocomla.com\/"},{"@type":"ListItem","position":2,"name":"Home"}]},{"@type":"WebSite","@id":"https:\/\/www.innocomla.com\/#website","url":"https:\/\/www.innocomla.com\/","name":"Innocom l\u00a0Expertos en Tecnolog\u00edas Corporativas en todo Centroam\u00e9rica","description":"Consultores e integradores desde 2009","potentialAction":[{"@type":"SearchAction","target":{"@type":"EntryPoint","urlTemplate":"https:\/\/www.innocomla.com\/?s={search_term_string}"},"query-input":"required name=search_term_string"}],"inLanguage":"es"}]}},"_links":{"self":[{"href":"https:\/\/www.innocomla.com\/index.php?rest_route=\/wp\/v2\/pages\/1024","targetHints":{"allow":["GET"]}}],"collection":[{"href":"https:\/\/www.innocomla.com\/index.php?rest_route=\/wp\/v2\/pages"}],"about":[{"href":"https:\/\/www.innocomla.com\/index.php?rest_route=\/wp\/v2\/types\/page"}],"author":[{"embeddable":true,"href":"https:\/\/www.innocomla.com\/index.php?rest_route=\/wp\/v2\/users\/1"}],"replies":[{"embeddable":true,"href":"https:\/\/www.innocomla.com\/index.php?rest_route=%2Fwp%2Fv2%2Fcomments&post=1024"}],"version-history":[{"count":80,"href":"https:\/\/www.innocomla.com\/index.php?rest_route=\/wp\/v2\/pages\/1024\/revisions"}],"predecessor-version":[{"id":7668,"href":"https:\/\/www.innocomla.com\/index.php?rest_route=\/wp\/v2\/pages\/1024\/revisions\/7668"}],"wp:attachment":[{"href":"https:\/\/www.innocomla.com\/index.php?rest_route=%2Fwp%2Fv2%2Fmedia&parent=1024"}],"curies":[{"name":"wp","href":"https:\/\/api.w.org\/{rel}","templated":true}]}}